{"id":6441,"date":"2018-01-17T10:02:19","date_gmt":"2018-01-17T09:02:19","guid":{"rendered":"https:\/\/www.hotelmare.org\/hotel\/"},"modified":"2024-10-02T08:48:39","modified_gmt":"2024-10-02T06:48:39","slug":"hotel","status":"publish","type":"page","link":"https:\/\/www.hotelmare.org\/de\/hotel\/","title":{"rendered":"Hotel"},"content":{"rendered":"<div class=\"wpb-content-wrapper\"><p>[vc_row][vc_column][vc_widget_sidebar sidebar_id=&#8220;thim_sidebar_1510833136&#8243;][\/vc_column][\/vc_row][vc_row css=&#8220;.vc_custom_1520494304466{padding-top: 50px !important;}&#8220;][vc_column]\n\t<div class=\"thim-sc-heading  \" >\n\t\t<div class=\"article_heading \">\n\t\t\t<p class=\"heading_primary\" style=\"color: #118acb;font-size: 28px;font-weight: bold;\" >UNSER HOTEL<\/p>\n\t\t\t\n\t\t\t \n\t\t\t\n\t\t<\/div>\n\t<\/div>[vc_empty_space height=&#8220;30px&#8220;][\/vc_column][\/vc_row][vc_row][vc_column width=&#8220;1\/2&#8243;][vc_single_image image=&#8220;5983&#8243; img_size=&#8220;500&#215;333&#8243; alignment=&#8220;center&#8220; onclick=&#8220;link_image&#8220;]\n\t<div class=\"thim-sc-heading  \" style = text-align:left; >\n\t\t<div class=\"article_heading \">\n\t\t\t<p class=\"heading_primary\"  >Schlafbereich<\/p>\n\t\t\t\n\t\t\t \n\t\t\t\n\t\t<\/div>\n\t<\/div>[vc_column_text]Der Schlafbereich, wo die Zimmer des Hotels sich befinden, ist an einem abgelegenen und ruhigen Ort in einem Garten, wo auch der Pool mit Whirlpool und die Panoramasonnenterrasse sind.[\/vc_column_text][\/vc_column][vc_column width=&#8220;1\/2&#8243;][vc_single_image image=&#8220;8183&#8243; img_size=&#8220;500&#215;333&#8243; alignment=&#8220;center&#8220; onclick=&#8220;link_image&#8220; css=&#8220;&#8220;]\n\t<div class=\"thim-sc-heading  \" style = text-align:left; >\n\t\t<div class=\"article_heading \">\n\t\t\t<p class=\"heading_primary\"  >Pool<\/p>\n\t\t\t\n\t\t\t \n\t\t\t\n\t\t<\/div>\n\t<\/div>[vc_column_text]<\/p>\n<p class=\"western\" lang=\"de-DE\">Der Pool vom Hotel Mare verf\u00fcgt \u00fcber eine wunderbare Panoramalage mit Blick auf den Golf von Portoferraio. Neben dem gr\u00f6\u00dften Pool gibt es auch einen Whirlpool. Sonnenliegen mit Matratze und Sonnenschirme zur Verf\u00fcgung der G\u00e4ste. Handt\u00fccher f\u00fcr den Pool sind an der Rezeption zu erhalten.<\/p>\n<p>[\/vc_column_text][\/vc_column][\/vc_row][vc_row][vc_column width=&#8220;1\/2&#8243;][vc_single_image image=&#8220;7803&#8243; img_size=&#8220;500&#215;333&#8243; alignment=&#8220;center&#8220; onclick=&#8220;link_image&#8220;]\n\t<div class=\"thim-sc-heading  \" style = text-align:left; >\n\t\t<div class=\"article_heading \">\n\t\t\t<p class=\"heading_primary\"  >Privatstrand<\/p>\n\t\t\t\n\t\t\t \n\t\t\t\n\t\t<\/div>\n\t<\/div>[vc_column_text]<\/p>\n<p class=\"western\" lang=\"de-DE\">Die Strandstrecke des Hotels ist im Sommer ausgestattet und garantiert Ruhe sowie Erholung auch in der Hochsaison. Liegen und Sonnenschirme stehen kostenlos und in ausreichender Menge f\u00fcr alle Hotelg\u00e4ste zur Verf\u00fcgung. Die Reservierung ist also nicht erforderlich. Kajaks zum Vermieten und aufblasbare Spiele f\u00fcr Kinder auf Anfrage. Handt\u00fccher sind an der Rezeption zu erhalten.<\/p>\n<p>[\/vc_column_text][\/vc_column][vc_column width=&#8220;1\/2&#8243;][vc_single_image image=&#8220;7705&#8243; img_size=&#8220;500&#215;333&#8243; alignment=&#8220;center&#8220; onclick=&#8220;link_image&#8220;]\n\t<div class=\"thim-sc-heading  \" style = text-align:left; >\n\t\t<div class=\"article_heading \">\n\t\t\t<p class=\"heading_primary\"  >Restaurant<\/p>\n\t\t\t\n\t\t\t \n\t\t\t\n\t\t<\/div>\n\t<\/div>[vc_column_text css=&#8220;&#8220;]<\/p>\n<p class=\"western\" lang=\"de-DE\">Das Restaurant &#8222;Mare&#8220; steht zur Verf\u00fcgung der Hotelg\u00e4ste und nicht nur; es bietet einen ger\u00e4umigen Innenbereich mit Klimaanlage mit gro\u00dfen Fenstern mit Panoramablick und eine Au\u00dfenterrasse, die am bezaubernden kleinen Hafen der Burg gibt. Im Men\u00fc, das meistens Fischgerichte umfasst, gibt es auch immer Fleischgericht und Gericht f\u00fcr Vegetarier. F\u00fcr externe Kunden ist die Reservierung erw\u00fcnscht.<\/p>\n<p>[\/vc_column_text][\/vc_column][\/vc_row]<\/p>\n<\/div>","protected":false},"excerpt":{"rendered":"<p>[vc_row][vc_column][vc_widget_sidebar sidebar_id=&#8220;thim_sidebar_1510833136&#8243;][\/vc_column][\/vc_row][vc_row css=&#8220;.vc_custom_1520494304466{padding-top: 50px !important;}&#8220;][vc_column][vc_empty_space height=&#8220;30px&#8220;][\/vc_column][\/vc_row][vc_row][vc_column width=&#8220;1\/2&#8243;][vc_single_image image=&#8220;5983&#8243; img_size=&#8220;500&#215;333&#8243; alignment=&#8220;center&#8220; onclick=&#8220;link_image&#8220;][vc_column_text]Der Schlafbereich, wo die Zimmer des Hotels sich befinden, ist an einem abgelegenen und ruhigen Ort in einem Garten, wo auch der Pool mit Whirlpool und die Panoramasonnenterrasse sind.[\/vc_column_text][\/vc_column][vc_column width=&#8220;1\/2&#8243;][vc_single_image image=&#8220;8183&#8243; img_size=&#8220;500&#215;333&#8243; alignment=&#8220;center&#8220; onclick=&#8220;link_image&#8220; css=&#8220;&#8220;][vc_column_text] Der Pool vom Hotel Mare&#8230;<\/p>\n","protected":false},"author":2,"featured_media":0,"parent":0,"menu_order":0,"comment_status":"closed","ping_status":"closed","template":"","meta":{"footnotes":""},"class_list":["post-6441","page","type-page","status-publish","hentry"],"_links":{"self":[{"href":"https:\/\/www.hotelmare.org\/de\/wp-json\/wp\/v2\/pages\/6441","targetHints":{"allow":["GET"]}}],"collection":[{"href":"https:\/\/www.hotelmare.org\/de\/wp-json\/wp\/v2\/pages"}],"about":[{"href":"https:\/\/www.hotelmare.org\/de\/wp-json\/wp\/v2\/types\/page"}],"author":[{"embeddable":true,"href":"https:\/\/www.hotelmare.org\/de\/wp-json\/wp\/v2\/users\/2"}],"replies":[{"embeddable":true,"href":"https:\/\/www.hotelmare.org\/de\/wp-json\/wp\/v2\/comments?post=6441"}],"version-history":[{"count":5,"href":"https:\/\/www.hotelmare.org\/de\/wp-json\/wp\/v2\/pages\/6441\/revisions"}],"predecessor-version":[{"id":8185,"href":"https:\/\/www.hotelmare.org\/de\/wp-json\/wp\/v2\/pages\/6441\/revisions\/8185"}],"wp:attachment":[{"href":"https:\/\/www.hotelmare.org\/de\/wp-json\/wp\/v2\/media?parent=6441"}],"curies":[{"name":"wp","href":"https:\/\/api.w.org\/{rel}","templated":true}]}}