{"id":6447,"date":"2017-11-09T16:50:48","date_gmt":"2017-11-09T15:50:48","guid":{"rendered":"https:\/\/www.hotelmare.org\/dove-siamo\/"},"modified":"2022-04-26T12:14:29","modified_gmt":"2022-04-26T10:14:29","slug":"wo-wir-sind","status":"publish","type":"page","link":"https:\/\/www.hotelmare.org\/de\/wo-wir-sind\/","title":{"rendered":"Wo wir sind"},"content":{"rendered":"<div class=\"wpb-content-wrapper\"><p>[vc_row][vc_column][vc_widget_sidebar sidebar_id=&#8220;thim_sidebar_1510833136&#8243;][\/vc_column][\/vc_row][vc_row css=&#8220;.vc_custom_1520495479256{padding-top: 50px !important;}&#8220;][vc_column]\n\t<div class=\"thim-sc-heading  \" >\n\t\t<div class=\"article_heading \">\n\t\t\t<p class=\"heading_primary\" style=\"color: #118acb;font-size: 28px;font-weight: bold;\" >ANKUNFT<\/p>\n\t\t\t\n\t\t\t \n\t\t\t\n\t\t<\/div>\n\t<\/div>[vc_empty_space height=&#8220;20px&#8220;][vc_column_text]Unser Hotel ist ein Bestandteil einer kleinen Burg mit Blick aufs Meer in der <strong>Ortschaft Magazzini<\/strong> beim Golf von <strong>Portoferraio<\/strong>.<\/p>\n<p>Es befindet sich an einer ruhigen und abgelegenen Lage, obwohl es trotzdem zentral ist und perfekt ist, um <strong>die Sehensw\u00fcrdigkeiten und die sch\u00f6nsten Str\u00e4nde der Insel zu besuchen<\/strong>.<\/p>\n<p>Der Hafen und die Altstadt von Portoferraio befinden sich ungef\u00e4hr 8 km entfernt und k\u00f6nnen in 15 Minuten mit dem Auto erreicht werden. Porto Azzurro und Capoliveri erreicht man in nur 20 Minuten mit dem Auto auf einer Strecke von ungef\u00e4hr 10 km.<\/p>\n<p>Um das Hotel von Portoferraio zu erreichen, soll man auf der Provinzstra\u00dfe in Richtung Porto Azzurro f\u00fcr 6 km fahren und dann an der Kreuzung nach links biegen, die nach Schiopparello\/Magazzini\/Bagnaia f\u00fchrt.[\/vc_column_text][vc_empty_space height=&#8220;15px&#8220;][vc_gallery type=&#8220;image_grid&#8220; images=&#8220;6003,6004,6005,6006&#8243; img_size=&#8220;275&#215;200&#8243;][\/vc_column][\/vc_row][vc_row full_width=&#8220;stretch_row_content&#8220; css=&#8220;.vc_custom_1520495496323{padding-top: 50px !important;}&#8220;][vc_column][vc_raw_html]JTNDaWZyYW1lJTIwc3JjJTNEJTIyaHR0cHMlM0ElMkYlMkZ3d3cuZ29vZ2xlLmNvbSUyRm1hcHMlMkZlbWJlZCUzRnBiJTNEJTIxMW0xOCUyMTFtMTIlMjExbTMlMjExZDI5MjcuNDc2NTM0NjM4OTElMjEyZDEwLjM1NTkzMzMxNTg5NTYwOSUyMTNkNDIuNzk5NDE0OTc5MTU5ODclMjEybTMlMjExZjAlMjEyZjAlMjEzZjAlMjEzbTIlMjExaTEwMjQlMjEyaTc2OCUyMTRmMTMuMSUyMTNtMyUyMTFtMiUyMTFzMHgxMmQ2MzE0OTAwMDU5YjZkJTI1M0EweDNiMWY0NmYwMTdmN2NmMjIlMjEyc0hvdGVsJTJCTWFyZSUyMTVlMCUyMTNtMiUyMTFzaXQlMjEyc2l0JTIxNHYxNTEzOTQ5MjYyNzkyJTIyJTIwd2lkdGglM0QlMjIxMDAlMjUlMjIlMjBoZWlnaHQlM0QlMjI0NTAlMjIlMjBmcmFtZWJvcmRlciUzRCUyMjAlMjIlMjBzdHlsZSUzRCUyMmJvcmRlciUzQTAlMjIlMjBhbGxvd2Z1bGxzY3JlZW4lM0UlM0MlMkZpZnJhbWUlM0U=[\/vc_raw_html][\/vc_column][\/vc_row]<\/p>\n<\/div>","protected":false},"excerpt":{"rendered":"<p>[vc_row][vc_column][vc_widget_sidebar sidebar_id=&#8220;thim_sidebar_1510833136&#8243;][\/vc_column][\/vc_row][vc_row css=&#8220;.vc_custom_1520495479256{padding-top: 50px !important;}&#8220;][vc_column][vc_empty_space height=&#8220;20px&#8220;][vc_column_text]Unser Hotel ist ein Bestandteil einer kleinen Burg mit Blick aufs Meer in der Ortschaft Magazzini beim Golf von Portoferraio. Es befindet sich an einer ruhigen und abgelegenen Lage, obwohl es trotzdem zentral ist und perfekt ist, um die Sehensw\u00fcrdigkeiten und die sch\u00f6nsten Str\u00e4nde der&#8230;<\/p>\n","protected":false},"author":2,"featured_media":0,"parent":0,"menu_order":0,"comment_status":"closed","ping_status":"closed","template":"","meta":{"footnotes":""},"class_list":["post-6447","page","type-page","status-publish","hentry"],"_links":{"self":[{"href":"https:\/\/www.hotelmare.org\/de\/wp-json\/wp\/v2\/pages\/6447","targetHints":{"allow":["GET"]}}],"collection":[{"href":"https:\/\/www.hotelmare.org\/de\/wp-json\/wp\/v2\/pages"}],"about":[{"href":"https:\/\/www.hotelmare.org\/de\/wp-json\/wp\/v2\/types\/page"}],"author":[{"embeddable":true,"href":"https:\/\/www.hotelmare.org\/de\/wp-json\/wp\/v2\/users\/2"}],"replies":[{"embeddable":true,"href":"https:\/\/www.hotelmare.org\/de\/wp-json\/wp\/v2\/comments?post=6447"}],"version-history":[{"count":3,"href":"https:\/\/www.hotelmare.org\/de\/wp-json\/wp\/v2\/pages\/6447\/revisions"}],"predecessor-version":[{"id":7529,"href":"https:\/\/www.hotelmare.org\/de\/wp-json\/wp\/v2\/pages\/6447\/revisions\/7529"}],"wp:attachment":[{"href":"https:\/\/www.hotelmare.org\/de\/wp-json\/wp\/v2\/media?parent=6447"}],"curies":[{"name":"wp","href":"https:\/\/api.w.org\/{rel}","templated":true}]}}