{"id":6363,"date":"2016-09-28T09:08:55","date_gmt":"2016-09-28T02:08:55","guid":{"rendered":"http:\/\/www.hotelmare.org\/home-2\/"},"modified":"2023-09-20T21:02:46","modified_gmt":"2023-09-20T19:02:46","slug":"home-2","status":"publish","type":"page","link":"https:\/\/www.hotelmare.org\/fr\/","title":{"rendered":"Home"},"content":{"rendered":"<div class=\"wpb-content-wrapper\"><p>[vc_row full_width=\u00a0\u00bbstretch_row_content_no_spaces\u00a0\u00bb el_class=\u00a0\u00bbhome3-slider\u00a0\u00bb][vc_column][rev_slider_vc alias=\u00a0\u00bbhome-01-fr\u00a0\u00bb][\/vc_column][\/vc_row][vc_row][vc_column width=\u00a0\u00bb3\/4&Prime;][vc_widget_sidebar sidebar_id=\u00a0\u00bbthim_sidebar_1510833136&Prime;][\/vc_column][vc_column width=\u00a0\u00bb1\/4&Prime; css=\u00a0\u00bb.vc_custom_1521187767916{padding-top: 15px !important;}\u00a0\u00bb][vc_column_text]<\/p>\n<p class=\"slogan\" style=\"text-align: center;\"><span style=\"color: #ff0000;\">Annulation gratuite jusqu&rsquo;\u00e0<\/span><br \/>\n<span style=\"color: #ff0000;\">\u00a0 7 jours avant l&rsquo;arriv\u00e9e!<\/span><br \/>\n<img loading=\"lazy\" decoding=\"async\" class=\"aligncenter wp-image-6270\" src=\"https:\/\/www.hotelmare.org\/wp-content\/uploads\/2018\/03\/logo-prezzo-150x150.png\" alt=\"\" width=\"95\" height=\"95\" srcset=\"https:\/\/www.hotelmare.org\/wp-content\/uploads\/2018\/03\/logo-prezzo-150x150.png 150w, https:\/\/www.hotelmare.org\/wp-content\/uploads\/2018\/03\/logo-prezzo.png 170w\" sizes=\"auto, (max-width: 95px) 100vw, 95px\" \/><\/p>\n<p>[\/vc_column_text][\/vc_column][\/vc_row][vc_row full_width=\u00a0\u00bbstretch_row\u00a0\u00bb el_id=\u00a0\u00bbhome-introduce\u00a0\u00bb css=\u00a0\u00bb.vc_custom_1491451210618{padding-bottom: 78px !important;background-color: #f6f6f6 !important;}\u00a0\u00bb][vc_column width=\u00a0\u00bb1\/2&Prime;]\n\t<div class=\"thim-sc-heading  \" >\n\t\t<div class=\"article_heading \">\n\t\t\t<p class=\"heading_primary\" style=\"color: #118acb;font-size: 28px;font-weight: bold;\" >H\u00f4tel en bord de mer \u00e0 l'\u00eele d'Elbe<\/p>\n\t\t\t\n\t\t\t<div class=\"heading-des\">L'<strong>H\u00f4tel Mare<\/strong> fait partie int\u00e9grante de l'ancien village de p\u00eacheurs di <strong>Magazzini<\/strong> dans la baie de Portoferraio \u00e0 <strong>l'\u00eele d'Elbe<\/strong>. Situ\u00e9 \u00e0 9 Km de la gare maritime, loin de la circulation et du bruit et ce m\u00eame en \u00e9t\u00e9, c'est le lieu id\u00e9al pour vous d\u00e9tendre et vous reposer pendant vos vacances. L'h\u00f4tel, situ\u00e9 directement en bord de mer, propose \u00e0 ses h\u00f4tes une vue splendide sur la baie et ses inoubliables couchers de soleil.<\/p>\n<p>L'histoire de l'\u00e9tablissement commence en 1952, quand ce dernier ressemblait davantage \u00e0 une simple auberge en bord de mer ; depuis, la famille propri\u00e9taire a r\u00e9alis\u00e9 de nombreux travaux qui ont conduit \u00e0 l'\u00e9tat actuel de l'\u00e9difice.<\/div> \n\t\t\t\n\t\t<\/div>\n\t<\/div>[\/vc_column][vc_column width=\u00a0\u00bb1\/2&Prime;][vc_single_image image=\u00a0\u00bb6028&Prime; img_size=\u00a0\u00bblarge\u00a0\u00bb][\/vc_column][\/vc_row][vc_row full_width=\u00a0\u00bbstretch_row\u00a0\u00bb overlay_color=\u00a0\u00bb#ffffff\u00a0\u00bb css=\u00a0\u00bb.vc_custom_1516179612165{padding-top: 50px !important;padding-bottom: 30px !important;background-color: #ffffff !important;}\u00a0\u00bb][vc_column width=\u00a0\u00bb1\/2&Prime;][vc_single_image image=\u00a0\u00bb7262&Prime; img_size=\u00a0\u00bblarge\u00a0\u00bb alignment=\u00a0\u00bbcenter\u00a0\u00bb][\/vc_column][vc_column width=\u00a0\u00bb1\/2&Prime;]\n\t<div class=\"thim-sc-heading  \" >\n\t\t<div class=\"article_heading \">\n\t\t\t<p class=\"heading_primary\" style=\"color: #118acb;font-size: 28px;font-weight: bold;\" >Confort maximum pour votre s\u00e9jour dans notre l'h\u00f4tel<\/p>\n\t\t\t\n\t\t\t<div class=\"heading-des\">Les tables du restaurant et du bar <i>\u201cMare\u201d<\/i> donnent sur le petit port du village o\u00f9 l'on peut amarrer de petites embarcations.<\/p>\n<p>L'\u00e9t\u00e9, l'h\u00f4tel met \u00e0 disposition de ses h\u00f4tes une <strong>petite plage priv\u00e9e<\/strong> avec chaises-longues et parasols, et pour les amateurs de sport des kayaks, des stand-up paddle et des v\u00e9los. Un centre de plong\u00e9e <strong>Unica Diving<\/strong> est pr\u00e9sent dans le village. Les sentiers pour randonn\u00e9e et VTT qui sillonnent l'\u00eele passent tout pr\u00e8s de l'h\u00f4tel.<\/p>\n<p>Les propri\u00e9taires de l'h\u00f4tel ainsi que toute l'\u00e9quipe seront heureux de vous fournir toutes les informations utiles et toute l'aide n\u00e9cessaire afin que vous passiez un agr\u00e9able s\u00e9jour sur notre \u00eele.<\/div> \n\t\t\t\n\t\t<\/div>\n\t<\/div>[\/vc_column][\/vc_row][vc_row full_width=\u00a0\u00bbstretch_row\u00a0\u00bb overlay_color=\u00a0\u00bb#ffffff\u00a0\u00bb css=\u00a0\u00bb.vc_custom_1516179559447{padding-bottom: 50px !important;background-color: #ffffff !important;}\u00a0\u00bb][vc_column width=\u00a0\u00bb1\/2&Prime;]\n\t<div class=\"thim-sc-heading  \" >\n\t\t<div class=\"article_heading \">\n\t\t\t<p class=\"heading_primary\" style=\"color: #118acb;font-size: 28px;font-weight: bold;\" >R\u00e9servez votre s\u00e9jour et votre ferry aux meilleurs tarifs<\/p>\n\t\t\t\n\t\t\t<div class=\"heading-des\">Seule la r\u00e9servation directe de votre s\u00e9jour vous assure les prix les plus avantageux. V\u00e9rifiez la disponibilit\u00e9 et les tarifs et r\u00e9servez en quelques clics seulement. Ou bien contactez-nous par mail ou t\u00e9l\u00e9phone \u00e0 tout moment.<\/p>\n<p>Notre \u00e9quipe est \u00e0 diposition pour s'occuper de la r\u00e9servation du ferry. Gr\u00e2ce \u00e0 une convention pass\u00e9e entre <i>l'Assiciation des h\u00f4teliers de l'\u00eele d'Elbe<\/i> et les compagnies de navigation <strong>Blunavy<\/strong> et <strong>Corsica Ferries<\/strong>, nos clients peuvent b\u00e9n\u00e9ficier des meilleurs tarifs sur le trajet Piombino-Portoferraio et vice et versa. Vous recevrez les billets par mail, il suffit ensuite de les imprimer et de les montrer au moment de l'embarcation.<\/div> \n\t\t\t\n\t\t<\/div>\n\t<\/div>[\/vc_column][vc_column width=\u00a0\u00bb1\/2&Prime;][vc_single_image image=\u00a0\u00bb6031&Prime; img_size=\u00a0\u00bblarge\u00a0\u00bb alignment=\u00a0\u00bbcenter\u00a0\u00bb][\/vc_column][\/vc_row][vc_row full_width=\u00a0\u00bbstretch_row_content_no_spaces\u00a0\u00bb disable_element=\u00a0\u00bbyes\u00a0\u00bb][vc_column]<div class=\"thim-sc-googlemap\" style=\"height: 480px;\" data-cover=\"\"><div class=\"ob-google-map-canvas \" style=\"height: 480px;\" id=\"ob-map-canvas-539a7067f1d26dca90ee371ec77c8653\" data-address=\"Loc. Magazzini\" data-zoom=\"11\" data-scroll-zoom=\"\" data-draggable=\"\" data-marker-at-center=\"true\" data-style=\"\" data-api_key=\"AIzaSyAVv2tyh3rLYN0bQlLPyUWkPgGohVUyixE\" data-marker-icon=\"https:\/\/www.hotelmare.org\/wp-content\/uploads\/2017\/10\/map-marker-hotelmare.png\"  ><\/div><\/div>[\/vc_column][\/vc_row][vc_row full_width=\u00a0\u00bbstretch_row_content_no_spaces\u00a0\u00bb][vc_column][vc_raw_html]JTNDaWZyYW1lJTIwc3JjJTNEJTIyaHR0cHMlM0ElMkYlMkZ3d3cuZ29vZ2xlLmNvbSUyRm1hcHMlMkZlbWJlZCUzRnBiJTNEJTIxMW0xNCUyMTFtOCUyMTFtMyUyMTFkOTM2NzkuMTAyOTc1MTcyNDQlMjEyZDEwLjI5Njk5MTY4NzY1NTYyMyUyMTNkNDIuNzk5NTExNSUyMTNtMiUyMTFpMTAyNCUyMTJpNzY4JTIxNGYxMy4xJTIxM20zJTIxMW0yJTIxMXMweDAlMjUzQTB4M2IxZjQ2ZjAxN2Y3Y2YyMiUyMTJzSG90ZWwlMjUyME1hcmUlMjE1ZTAlMjEzbTIlMjExc2l0JTIxMnNpdCUyMTR2MTYwMDg0NTI3NzAxNyUyMTVtMiUyMTFzaXQlMjEyc2l0JTIyJTIwd2lkdGglM0QlMjIxMDAlMjUlMjIlMjBoZWlnaHQlM0QlMjI0NTAlMjIlMjBmcmFtZWJvcmRlciUzRCUyMjAlMjIlMjBzdHlsZSUzRCUyMmJvcmRlciUzQTAlM0IlMjIlMjBhbGxvd2Z1bGxzY3JlZW4lM0QlMjIlMjIlMjBhcmlhLWhpZGRlbiUzRCUyMmZhbHNlJTIyJTIwdGFiaW5kZXglM0QlMjIwJTIyJTNFJTNDJTJGaWZyYW1lJTNF[\/vc_raw_html][\/vc_column][\/vc_row]<\/p>\n<\/div>","protected":false},"excerpt":{"rendered":"<p>[vc_row full_width=\u00a0\u00bbstretch_row_content_no_spaces\u00a0\u00bb el_class=\u00a0\u00bbhome3-slider\u00a0\u00bb][vc_column][rev_slider_vc alias=\u00a0\u00bbhome-01-fr\u00a0\u00bb][\/vc_column][\/vc_row][vc_row][vc_column width=\u00a0\u00bb3\/4&Prime;][vc_widget_sidebar sidebar_id=\u00a0\u00bbthim_sidebar_1510833136&Prime;][\/vc_column][vc_column width=\u00a0\u00bb1\/4&Prime; css=\u00a0\u00bb.vc_custom_1521187767916{padding-top: 15px !important;}\u00a0\u00bb][vc_column_text] Annulation gratuite jusqu&rsquo;\u00e0 \u00a0 7 jours avant l&rsquo;arriv\u00e9e! [\/vc_column_text][\/vc_column][\/vc_row][vc_row full_width=\u00a0\u00bbstretch_row\u00a0\u00bb el_id=\u00a0\u00bbhome-introduce\u00a0\u00bb css=\u00a0\u00bb.vc_custom_1491451210618{padding-bottom: 78px !important;background-color: #f6f6f6 !important;}\u00a0\u00bb][vc_column width=\u00a0\u00bb1\/2&Prime;][\/vc_column][vc_column width=\u00a0\u00bb1\/2&Prime;][vc_single_image image=\u00a0\u00bb6028&Prime; img_size=\u00a0\u00bblarge\u00a0\u00bb][\/vc_column][\/vc_row][vc_row full_width=\u00a0\u00bbstretch_row\u00a0\u00bb overlay_color=\u00a0\u00bb#ffffff\u00a0\u00bb css=\u00a0\u00bb.vc_custom_1516179612165{padding-top: 50px !important;padding-bottom: 30px !important;background-color: #ffffff !important;}\u00a0\u00bb][vc_column width=\u00a0\u00bb1\/2&Prime;][vc_single_image image=\u00a0\u00bb7262&Prime; img_size=\u00a0\u00bblarge\u00a0\u00bb alignment=\u00a0\u00bbcenter\u00a0\u00bb][\/vc_column][vc_column width=\u00a0\u00bb1\/2&Prime;][\/vc_column][\/vc_row][vc_row full_width=\u00a0\u00bbstretch_row\u00a0\u00bb overlay_color=\u00a0\u00bb#ffffff\u00a0\u00bb css=\u00a0\u00bb.vc_custom_1516179559447{padding-bottom: 50px !important;background-color: #ffffff&#8230;<\/p>\n","protected":false},"author":1,"featured_media":0,"parent":0,"menu_order":0,"comment_status":"closed","ping_status":"closed","template":"templates\/home-page.php","meta":{"footnotes":""},"class_list":["post-6363","page","type-page","status-publish","hentry"],"_links":{"self":[{"href":"https:\/\/www.hotelmare.org\/fr\/wp-json\/wp\/v2\/pages\/6363","targetHints":{"allow":["GET"]}}],"collection":[{"href":"https:\/\/www.hotelmare.org\/fr\/wp-json\/wp\/v2\/pages"}],"about":[{"href":"https:\/\/www.hotelmare.org\/fr\/wp-json\/wp\/v2\/types\/page"}],"author":[{"embeddable":true,"href":"https:\/\/www.hotelmare.org\/fr\/wp-json\/wp\/v2\/users\/1"}],"replies":[{"embeddable":true,"href":"https:\/\/www.hotelmare.org\/fr\/wp-json\/wp\/v2\/comments?post=6363"}],"version-history":[{"count":5,"href":"https:\/\/www.hotelmare.org\/fr\/wp-json\/wp\/v2\/pages\/6363\/revisions"}],"predecessor-version":[{"id":7822,"href":"https:\/\/www.hotelmare.org\/fr\/wp-json\/wp\/v2\/pages\/6363\/revisions\/7822"}],"wp:attachment":[{"href":"https:\/\/www.hotelmare.org\/fr\/wp-json\/wp\/v2\/media?parent=6363"}],"curies":[{"name":"wp","href":"https:\/\/api.w.org\/{rel}","templated":true}]}}