{"id":6366,"date":"2017-11-09T16:50:48","date_gmt":"2017-11-09T15:50:48","guid":{"rendered":"http:\/\/www.hotelmare.org\/dove-siamo\/"},"modified":"2022-04-26T12:12:02","modified_gmt":"2022-04-26T10:12:02","slug":"ou-nous-trouver","status":"publish","type":"page","link":"https:\/\/www.hotelmare.org\/fr\/ou-nous-trouver\/","title":{"rendered":"O\u00f9 nous trouver"},"content":{"rendered":"<div class=\"wpb-content-wrapper\"><p>[vc_row][vc_column][vc_widget_sidebar sidebar_id=\u00a0\u00bbthim_sidebar_1510833136&Prime;][\/vc_column][\/vc_row][vc_row css=\u00a0\u00bb.vc_custom_1520495479256{padding-top: 50px !important;}\u00a0\u00bb][vc_column]\n\t<div class=\"thim-sc-heading  \" >\n\t\t<div class=\"article_heading \">\n\t\t\t<p class=\"heading_primary\" style=\"color: #118acb;font-size: 28px;font-weight: bold;\" >COMMENT ARRIVER<\/p>\n\t\t\t\n\t\t\t \n\t\t\t\n\t\t<\/div>\n\t<\/div>[vc_empty_space height=\u00a0\u00bb20px\u00a0\u00bb][vc_column_text]Notre h\u00f4tel se situe dans le petit village en bord de mer, <strong>localit\u00e9 Magazzini<\/strong>, \u00e0 l&rsquo;int\u00e9rieur du <strong>Golfe de Portoferraio<\/strong>.<\/p>\n<p>Il b\u00e9n\u00e9ficie d&rsquo;une <strong>position tranquille<\/strong>, au calme, loin du bruit et de la foule, mais n\u00e9anmoins dans une position centrale et <strong>strat\u00e9gique pour visiter les lieux touristiques ainsi que les plus belles plages de l&rsquo;\u00eele.<\/strong><\/p>\n<p>Le port et le centre historique de Portoferraio se trouvent \u00e0 8 km de notre \u00e9tablissement, c&rsquo;est \u00e0 dire \u00e0 15 minutes en voiture. Porto Azzurro et Capoliveri se trouvent quant \u00e0 eux \u00e0 seulement 20 minutes en voiture (10 km environ).<\/p>\n<p>Depuis Portoferraio, empruntez la route d\u00e9partementale direction Porto Azzurro pendant 6 km, puis tournez \u00e0 gauche au carrefour conduisant \u00e0 Schiopparello\/Magazzini\/Bagnaia et continuez jusqu&rsquo;\u00e0 notre h\u00f4tel.[\/vc_column_text][vc_empty_space height=\u00a0\u00bb15px\u00a0\u00bb][vc_gallery type=\u00a0\u00bbimage_grid\u00a0\u00bb images=\u00a0\u00bb6003,6004,6005,6006&Prime; img_size=\u00a0\u00bb275&#215;200&Prime;][\/vc_column][\/vc_row][vc_row full_width=\u00a0\u00bbstretch_row_content\u00a0\u00bb css=\u00a0\u00bb.vc_custom_1520495496323{padding-top: 50px !important;}\u00a0\u00bb][vc_column][vc_raw_html]JTNDaWZyYW1lJTIwc3JjJTNEJTIyaHR0cHMlM0ElMkYlMkZ3d3cuZ29vZ2xlLmNvbSUyRm1hcHMlMkZlbWJlZCUzRnBiJTNEJTIxMW0xOCUyMTFtMTIlMjExbTMlMjExZDI5MjcuNDc2NTM0NjM4OTElMjEyZDEwLjM1NTkzMzMxNTg5NTYwOSUyMTNkNDIuNzk5NDE0OTc5MTU5ODclMjEybTMlMjExZjAlMjEyZjAlMjEzZjAlMjEzbTIlMjExaTEwMjQlMjEyaTc2OCUyMTRmMTMuMSUyMTNtMyUyMTFtMiUyMTFzMHgxMmQ2MzE0OTAwMDU5YjZkJTI1M0EweDNiMWY0NmYwMTdmN2NmMjIlMjEyc0hvdGVsJTJCTWFyZSUyMTVlMCUyMTNtMiUyMTFzaXQlMjEyc2l0JTIxNHYxNTEzOTQ5MjYyNzkyJTIyJTIwd2lkdGglM0QlMjIxMDAlMjUlMjIlMjBoZWlnaHQlM0QlMjI0NTAlMjIlMjBmcmFtZWJvcmRlciUzRCUyMjAlMjIlMjBzdHlsZSUzRCUyMmJvcmRlciUzQTAlMjIlMjBhbGxvd2Z1bGxzY3JlZW4lM0UlM0MlMkZpZnJhbWUlM0U=[\/vc_raw_html][\/vc_column][\/vc_row]<\/p>\n<\/div>","protected":false},"excerpt":{"rendered":"<p>[vc_row][vc_column][vc_widget_sidebar sidebar_id=\u00a0\u00bbthim_sidebar_1510833136&Prime;][\/vc_column][\/vc_row][vc_row css=\u00a0\u00bb.vc_custom_1520495479256{padding-top: 50px !important;}\u00a0\u00bb][vc_column][vc_empty_space height=\u00a0\u00bb20px\u00a0\u00bb][vc_column_text]Notre h\u00f4tel se situe dans le petit village en bord de mer, localit\u00e9 Magazzini, \u00e0 l&rsquo;int\u00e9rieur du Golfe de Portoferraio. Il b\u00e9n\u00e9ficie d&rsquo;une position tranquille, au calme, loin du bruit et de la foule, mais n\u00e9anmoins dans une position centrale et strat\u00e9gique pour visiter les&#8230;<\/p>\n","protected":false},"author":2,"featured_media":0,"parent":0,"menu_order":0,"comment_status":"closed","ping_status":"closed","template":"","meta":{"footnotes":""},"class_list":["post-6366","page","type-page","status-publish","hentry"],"_links":{"self":[{"href":"https:\/\/www.hotelmare.org\/fr\/wp-json\/wp\/v2\/pages\/6366","targetHints":{"allow":["GET"]}}],"collection":[{"href":"https:\/\/www.hotelmare.org\/fr\/wp-json\/wp\/v2\/pages"}],"about":[{"href":"https:\/\/www.hotelmare.org\/fr\/wp-json\/wp\/v2\/types\/page"}],"author":[{"embeddable":true,"href":"https:\/\/www.hotelmare.org\/fr\/wp-json\/wp\/v2\/users\/2"}],"replies":[{"embeddable":true,"href":"https:\/\/www.hotelmare.org\/fr\/wp-json\/wp\/v2\/comments?post=6366"}],"version-history":[{"count":4,"href":"https:\/\/www.hotelmare.org\/fr\/wp-json\/wp\/v2\/pages\/6366\/revisions"}],"predecessor-version":[{"id":7522,"href":"https:\/\/www.hotelmare.org\/fr\/wp-json\/wp\/v2\/pages\/6366\/revisions\/7522"}],"wp:attachment":[{"href":"https:\/\/www.hotelmare.org\/fr\/wp-json\/wp\/v2\/media?parent=6366"}],"curies":[{"name":"wp","href":"https:\/\/api.w.org\/{rel}","templated":true}]}}